{"id":1712,"date":"2015-04-29T12:36:20","date_gmt":"2015-04-29T09:36:20","guid":{"rendered":"http:\/\/dcentproject.eu\/?page_id=1712"},"modified":"2016-05-06T11:13:19","modified_gmt":"2016-05-06T08:13:19","slug":"tecnologias-de-participacion-ciudadana-descentralizadas-d-cent","status":"publish","type":"page","link":"https:\/\/dcentproject.eu\/es\/tecnologias-de-participacion-ciudadana-descentralizadas-d-cent\/","title":{"rendered":"Tecnolog\u00edas de Participaci\u00f3n Ciudadana Descentralizadas"},"content":{"rendered":"<p><em>Tecnolog\u00edas ciudadanas descentralizadas para la democracia en red Tecnolog\u00edas de Participaci\u00f3n Ciudadana Descentralizadas<br \/>\n(D-CENT, en sus siglas en ingl\u00e9s) es un proyecto de \u00e1mbito europeo que agrupa iniciativas pioneras europeas transformadoras de la democracia en los \u00faltimos a\u00f1os y las ayuda a desarrollar la siguiente generaci\u00f3n de herramientas libres, descentralizadas y respetuosas de la intimidad para la democracia en red y el empoderamiento econ\u00f3mico.<\/em><\/p>\n<p><strong>Desarrollo de la experiencia del usuario simple: de necesidades a caracter\u00edsticas reales<\/strong><\/p>\n<p>En 2014 organizamos talleres con comunidades de usuarios para identificar sus necesidades. Su traducci\u00f3n fueron los primeros productos viables m\u00ednimos (PVM) para llevar m\u00e1s all\u00e1 la plataforma D-CENT, hasta comunidades de Espa\u00f1a, Finlandia e Islandia.<\/p>\n<p><strong><img loading=\"lazy\" decoding=\"async\" class=\"alignright wp-image-1724 \" src=\"http:\/\/dcentproject.eu\/wp-content\/uploads\/2015\/04\/Dia2_2_Spanish-1024x768.jpg\" alt=\"Dia2_2_Spanish\" width=\"540\" height=\"404\" srcset=\"https:\/\/dcentproject.eu\/wp-content\/uploads\/2015\/04\/Dia2_2_Spanish-1024x768.jpg 1024w, https:\/\/dcentproject.eu\/wp-content\/uploads\/2015\/04\/Dia2_2_Spanish-300x225.jpg 300w, https:\/\/dcentproject.eu\/wp-content\/uploads\/2015\/04\/Dia2_2_Spanish-267x200.jpg 267w, https:\/\/dcentproject.eu\/wp-content\/uploads\/2015\/04\/Dia2_2_Spanish.jpg 1500w\" sizes=\"auto, (max-width: 540px) 100vw, 540px\" \/><\/strong><\/p>\n<p><strong>\u00bfA qu\u00e9 se dedica D-CENT?<\/strong><\/p>\n<p>D-CENT permite debatir y compartir contenidos, participar en deliberaciones a gran escala, elaborar pol\u00edticas colaborativas y votar. D-CENT est\u00e1 basado en una arquitectura distribuida, federada y respetuosa de la intimidad. La plataforma modular incluir\u00e1 herramientas de c\u00f3digo abierto para la democracia en red: deliberaciones a gran escala, debates, votaciones, elaboraci\u00f3n de pol\u00edticas colaborativas y algoritmos de filtrado colectivos.<\/p>\n<p><strong>Experiencias piloto, Espa\u00f1a: Podemos y Barcelona En Com\u00fa<\/strong><\/p>\n<p><span style=\"font-weight: 400;\">Desde la eclosi\u00f3n del movimiento de los Indignados (15M), Espa\u00f1a est\u00e1 viviendo la emergencia radical de iniciativas pol\u00edticas encabezadas por la ciudadan\u00eda, con la participaci\u00f3n de toda la sociedad. Los nuevos partidos pol\u00edticos como Podemos y la nueva ola de iniciativas ciudadanas municipalistas como Barcelona En Com\u00fa y Ahora Madrid expresan un nuevo tipo de pol\u00edtica, que se caracteriza por la priorizaci\u00f3n de la democracia participativa, el empoderamiento ciudadano y la justicia social.<\/span><\/p>\n<p><span style=\"font-weight: 400;\">Colaboramos con Podemos y Barcelona En Com\u00fa, una iniciativa municipal emergente de movimientos ciudadanos y de la sociedad civil. Mediante las herramientas de D-CENT, se involucra a la ciudadan\u00eda para que participe en el programa pol\u00edtico de la iniciativa y en la elecci\u00f3n de candidatos\/as.<\/span><\/p>\n<p><span style=\"font-weight: 400;\">En la actualidad, D-CENT lleva a cabo experiencias piloto a gran escala, en colaboraci\u00f3n con Laboratorio Democra\u0301tico (<a href=\"http:\/\/labodemo.net\" target=\"_blank\">LaboDemo.net<\/a>), un laboratorio estrat\u00e9gico digital que configur\u00f3 \u00a0la infraestructura participativa a nivel nacionalde Podemos e inspir\u00f3 las herramientas de participaci\u00f3n del Gobierno de Madrid (Ahora Madrid). Estamos desarrollando nuevos prototipos y herramientas con expertos y ciudadanos para que puedan participar en los procesos de elaboraci\u00f3n de pol\u00edticas, desde iniciativas ciudadanas y desarrollo de pol\u00edticas colectivas, hasta importantes debates y votaciones a gran escala.<\/span><\/p>\n<p><strong>Experiencias piloto, Finlandia: Open Ministry y City of Helsinki<\/strong><\/p>\n<p>En Finlandia, D-CENT encabezar\u00e1 nuevas herramientas de crowdsourcing con Open Ministry. \u00c9stas asistir\u00e1n a las personas participantes en campa\u00f1as de Citizens Initiative en la organizaci\u00f3n de sus operaciones.<\/p>\n<p>El proyecto tambi\u00e9n pondr\u00e1 a prueba un canal de noticias basado en datos para la toma de decisiones con el que los y las habitantes de Helsinki podr\u00e1n participar \u00e1gilmente en acciones colectivas eficaces para responder a los temas procesados en los organismos decisores de Helsinki City. La experiencia, que arranc\u00f3 en noviembre de 2014, sigue en marcha.<\/p>\n<p><strong>Experiencias piloto, Islandia: Mejora de las herramientas de la democracia electr\u00f3nica<\/strong><\/p>\n<p>La experiencia piloto islandesa utiliza el software gratuito de democracia electr\u00f3nica Your Priorities, que lleva centrando su desarrollo en el usuario simple en Islandia desde 2008, de la mano de la Fundaci\u00f3n Citizens, entre otras entidades. La experiencia piloto islandesa girar\u00e1 en torno al perfeccionamiento de Your Priorities a\u00f1adiendo las funcionalidades que requieren los usuarios de Better Reykjav\u00edk y Better Iceland. El objetivo es presentar Your Priorities como una aplicaci\u00f3n Docker que pueda instalarse en un nodo de D-CENT para que otros gobiernos, grupos o ciudadanos de toda Europa lo puedan desplegar y usar f\u00e1cilmente.<\/p>\n<p><strong>Modular, distribuida y de c\u00f3digo abierto<\/strong><\/p>\n<p>La arquitectura de la plataforma D-CENT es modular y respetuosa con la privacidad. Est\u00e1 basada en un software de c\u00f3digo abierto y unas normas abiertas. El c\u00f3digo est\u00e1 publicado en <a href=\"http:\/\/github.com\/d-cent\" target=\"_blank\">Github<\/a>.<\/p>\n<p><strong>Investigaci\u00f3n multidisciplinar<\/strong><\/p>\n<p>La investigaci\u00f3n de D-CENT se ha centrado en las nuevas formas de democracia, empoderamiento y participaci\u00f3n de la ciudadan\u00eda. Se ha llevado a cabo un an\u00e1lisis tecnosocioecon\u00f3mico de los modelos organizativos de movimientos sociales emergentes, nuevos modelos econ\u00f3micos basados en el patrimonio com\u00fan de conocimientos, redes sociales distribuidas, sistemas identitarios, nuevos modelos para el control ciudadano de los datos personales y sociales, as\u00ed como privacidad y seguridad desde el dise\u00f1o.<\/p>\n<p>Al desarrollar un marco t\u00e9cnico-social de inteligencia colectiva, el IN3-UOC y Barcelona Media han analizado los movimientos de redes globales y han generado perspectivas basadas en los datos para D-CENT.<\/p>\n<p><strong>Investigaci\u00f3n de la moneda digital social y pilotos<\/strong><\/p>\n<p>El Centre d\u2018\u00c9conomie de la Sorbonne, Nesta y Dyne investigaron las experiencias m\u00e1s significativas de divisas alternativas y divisas sociales digitales en Europa, a la luz de la revoluci\u00f3n Bitcoin. La labor con las divisas sociales digitales se llevar\u00e1 m\u00e1s all\u00e1, mediante un proceso iterativo con los usuarios principales. Las experiencias piloto con la divisa social digital arrancar\u00e1n en la primavera de 2015, y la tecnolog\u00eda blockchain para gestionar la confianza, la reputaci\u00f3n y los intercambios comunitarios se integrar\u00e1 como servicio en la plataforma D-CENT.<\/p>\n<p><strong>Lanzamiento p\u00fablico<\/strong><\/p>\n<p>Desde octubre de 2013, D-CENT ha publicado informes de investigaci\u00f3n p\u00fablicos y disponibles en nuestra web. Dichos informes incluyen an\u00e1lisis profundos y descripciones de las investigaciones, metodolog\u00eda, arquitectura t\u00e9cnica, casos de uso, caracter\u00edsticas t\u00e9cnicas y actividades de difusi\u00f3n.<\/p>\n<p>En marzo de 2014, en el acto de lanzamiento de D-CENT, \u201cDemocracy reboot: Re-imagining democracy and currency in Europe\u201d, se present\u00f3 el proyecto al gran p\u00fablico. Acudieron responsables de pol\u00edticas de alto nivel, acad\u00e9micos, activistas, comunidades y hackers. En la web hemos publicado veintitr\u00e9s v\u00eddeos de entrevistas de ese d\u00eda. En mayo de 2015, Barcelona acoger\u00e1 el \u201cD-CENT mid-term event\u201d, durante el cual se debatir\u00e1 sobre la Democracia en red para un nuevo gobierno de las ciudades.<\/p>\n<p>El equipo de D-CENT ha asistido a otros acontecimientos, entre ellos el Foro Mundial de la Democracia 2013, el Open Knowledge Festival 2014, el Congreso CAPS2020, el Foro de Gobernanza en Internet 2014 en Estambul, el W3C20 Anniversary Symposium y FutureFest 2015.<\/p>\n<p><strong>Los principios de D-CENT<\/strong><\/p>\n<p>&#8211; propiedad comunitaria de los datos sociales<br \/>\n&#8211; seguridad y privacidad desde el dise\u00f1o<br \/>\n&#8211; est\u00e1ndares abiertos<br \/>\n&#8211; acceso al conocimiento y c\u00f3digo abierto<br \/>\n&#8211; gran escalabilidad<\/p>\n<p><strong>D-CENT en resumen<\/strong><\/p>\n<p><strong>T\u00edtulo completo:<\/strong> Tecnolog\u00edas de Participaci\u00f3n Ciudadana Descentralizadas<br \/>\n<strong>Acr\u00f3nimo del proyecto:<\/strong> D-CENT<br \/>\n<strong>Fecha de inicio:<\/strong> 1 de octubre de 2013<br \/>\n<strong>Duraci\u00f3n:<\/strong> 2,5 a\u00f1os (hasta mayo de 2016)<br \/>\n<strong>Presupuesto:<\/strong> 2,5 millones de euros<\/p>\n<p><strong>Sitio web:<\/strong> <a href=\"http:\/\/dcentproject.eu\/\" target=\"_blank\">www.dcentproject.eu\u00a0<\/a><br \/>\n<strong>Twitter:<\/strong> <a href=\"https:\/\/twitter.com\/dcentproject\" target=\"_blank\">@dcentproject<br \/>\n<\/a><strong>Facebook:<\/strong> <a href=\"https:\/\/www.facebook.com\/dcentproject\" target=\"_blank\">facebook.com\/dcentproject<br \/>\n<\/a><strong>Facebook group:<\/strong> <a href=\"https:\/\/www.facebook.com\/groups\/dcentproject\" target=\"_blank\">facebook.com\/groups\/dcentproject<\/a><br \/>\n<strong>Vimeo:<\/strong> <a href=\"https:\/\/vimeo.com\/dcentproject\" target=\"_blank\">vimeo.com\/dcentproject <\/a><br \/>\n<strong>Slideshare:<\/strong> <a href=\"http:\/\/www.slideshare.net\/dcentproject\" target=\"_blank\">slideshare.net\/dcentproject <\/a><br \/>\n<strong>Linkedin:<\/strong>\u00a0<a href=\"https:\/\/www.linkedin.com\/groups\/DCENT-8252379\/about\" target=\"_blank\">www.linkedin.com\/groups\/DCENT-8252379\/about<br \/>\n<\/a><strong>GitHub:<\/strong> <a href=\"https:\/\/github.com\/d-cent\" target=\"_blank\">github.com\/d-cent<\/a><\/p>\n","protected":false},"excerpt":{"rendered":"<p>Tecnolog\u00edas ciudadanas descentralizadas para la democracia en red Tecnolog\u00edas de Participaci\u00f3n Ciudadana Descentralizadas (D-CENT, en sus siglas en ingl\u00e9s) es un proyecto de \u00e1mbito europeo que agrupa iniciativas pioneras europeas transformadoras de la democracia en los \u00faltimos a\u00f1os y las ayuda a desarrollar la siguiente generaci\u00f3n de herramientas libres, descentralizadas y respetuosas de la intimidad [&hellip;]<\/p>\n","protected":false},"author":1,"featured_media":0,"parent":0,"menu_order":0,"comment_status":"open","ping_status":"closed","template":"","meta":{"_acf_changed":false,"footnotes":""},"class_list":["post-1712","page","type-page","status-publish","hentry"],"acf":[],"_links":{"self":[{"href":"https:\/\/dcentproject.eu\/es\/wp-json\/wp\/v2\/pages\/1712","targetHints":{"allow":["GET"]}}],"collection":[{"href":"https:\/\/dcentproject.eu\/es\/wp-json\/wp\/v2\/pages"}],"about":[{"href":"https:\/\/dcentproject.eu\/es\/wp-json\/wp\/v2\/types\/page"}],"author":[{"embeddable":true,"href":"https:\/\/dcentproject.eu\/es\/wp-json\/wp\/v2\/users\/1"}],"replies":[{"embeddable":true,"href":"https:\/\/dcentproject.eu\/es\/wp-json\/wp\/v2\/comments?post=1712"}],"version-history":[{"count":27,"href":"https:\/\/dcentproject.eu\/es\/wp-json\/wp\/v2\/pages\/1712\/revisions"}],"predecessor-version":[{"id":3437,"href":"https:\/\/dcentproject.eu\/es\/wp-json\/wp\/v2\/pages\/1712\/revisions\/3437"}],"wp:attachment":[{"href":"https:\/\/dcentproject.eu\/es\/wp-json\/wp\/v2\/media?parent=1712"}],"curies":[{"name":"wp","href":"https:\/\/api.w.org\/{rel}","templated":true}]}}